{"id":1972,"date":"2025-12-30T18:24:11","date_gmt":"2025-12-30T18:24:11","guid":{"rendered":"https:\/\/desprojetsauxsommets.com\/?page_id=1972"},"modified":"2026-01-22T08:46:37","modified_gmt":"2026-01-22T08:46:37","slug":"mention-legales","status":"publish","type":"page","link":"https:\/\/desprojetsauxsommets.com\/index.php\/mention-legales\/","title":{"rendered":"Mentions l\u00e9gales"},"content":{"rendered":"\n<h2 class=\"wp-block-heading has-text-color has-link-color has-oswald-font-family wp-elements-38c6de656d2610d71bf5e3cbacd0eba8\" style=\"color:#c4a359\">Mentions L\u00e9gales<\/h2>\n\n\n\n<div style=\"height:53px\" aria-hidden=\"true\" class=\"wp-block-spacer\"><\/div>\n\n\n\n<div class=\"wp-block-columns is-layout-flex wp-container-core-columns-is-layout-9d6595d7 wp-block-columns-is-layout-flex\">\n<div class=\"wp-block-column is-layout-flow wp-block-column-is-layout-flow\">\n<p style=\"font-size:16px;font-style:normal;font-weight:300\"><strong>Des Projets Aux Sommets (DPAS)<\/strong><br>Soci\u00e9t\u00e9 par actions simplifi\u00e9e <br>au capital de 1000 \u20ac<\/p>\n\n\n\n<p style=\"font-size:16px;font-style:normal;font-weight:300\">Adresse du si\u00e8ge : <br>Steven Lelong<br>45 Impasse des Vignes <br>74550 Orcier<\/p>\n\n\n\n<p style=\"font-size:16px;font-style:normal;font-weight:300\">SIREN : 993 908 383<br>TVA INTRACOMMUNAUTAIRE : FR63 993 908 383<br>R.C.S. Thonon-les-Bains<\/p>\n<\/div>\n\n\n\n<div class=\"wp-block-column is-layout-flow wp-block-column-is-layout-flow\">\n<p style=\"font-size:16px;font-style:normal;font-weight:300\">Site&nbsp;h\u00e9berg\u00e9 chez OVH :<br>2 rue Kellermann<br>59 100 Roubaix<br>France<\/p>\n\n\n\n<p style=\"font-size:16px;font-style:normal;font-weight:300\">Toutes les images \u2013 sauf mentionnn\u00e9es \u2013 sont la propri\u00e9t\u00e9 de DPAS, reproduction interdite.<\/p>\n\n\n\n<p class=\"has-poppins-font-family\" style=\"font-size:16px;font-style:normal;font-weight:300\">Design et cr\u00e9ation du site : <br><a href=\"https:\/\/www.ericavrillier.com\">ericavrillier.com<\/a><\/p>\n\n\n<div class=\"wp-block-image\">\n<figure class=\"alignleft size-large is-resized\"><img loading=\"lazy\" decoding=\"async\" width=\"1024\" height=\"1024\" src=\"https:\/\/desprojetsauxsommets.com\/wp-content\/uploads\/2025\/12\/eriavrillier_graphiste-1024x1024.jpg\" alt=\"\" class=\"wp-image-1977\" style=\"width:136px;height:auto\" srcset=\"https:\/\/desprojetsauxsommets.com\/wp-content\/uploads\/2025\/12\/eriavrillier_graphiste-1024x1024.jpg 1024w, https:\/\/desprojetsauxsommets.com\/wp-content\/uploads\/2025\/12\/eriavrillier_graphiste-300x300.jpg 300w, https:\/\/desprojetsauxsommets.com\/wp-content\/uploads\/2025\/12\/eriavrillier_graphiste-150x150.jpg 150w, https:\/\/desprojetsauxsommets.com\/wp-content\/uploads\/2025\/12\/eriavrillier_graphiste-768x768.jpg 768w, https:\/\/desprojetsauxsommets.com\/wp-content\/uploads\/2025\/12\/eriavrillier_graphiste.jpg 1338w\" sizes=\"auto, (max-width: 1024px) 100vw, 1024px\" \/><\/figure>\n<\/div>\n\n\n<p><\/p>\n<\/div>\n<\/div>\n\n\n\n<p style=\"font-size:16px;font-style:normal;font-weight:300\"><\/p>\n","protected":false},"excerpt":{"rendered":"<p>Mentions L\u00e9gales Des Projets Aux Sommets (DPAS)Soci\u00e9t\u00e9 par actions simplifi\u00e9e au capital de 1000 \u20ac Adresse du si\u00e8ge : Steven Lelong45 Impasse des Vignes 74550 Orcier SIREN : 993 908 &#8230;<\/p>\n","protected":false},"author":1,"featured_media":0,"parent":0,"menu_order":0,"comment_status":"closed","ping_status":"closed","template":"template-fullwidth.php","meta":{"footnotes":""},"class_list":["post-1972","page","type-page","status-publish","hentry"],"_links":{"self":[{"href":"https:\/\/desprojetsauxsommets.com\/index.php\/wp-json\/wp\/v2\/pages\/1972","targetHints":{"allow":["GET"]}}],"collection":[{"href":"https:\/\/desprojetsauxsommets.com\/index.php\/wp-json\/wp\/v2\/pages"}],"about":[{"href":"https:\/\/desprojetsauxsommets.com\/index.php\/wp-json\/wp\/v2\/types\/page"}],"author":[{"embeddable":true,"href":"https:\/\/desprojetsauxsommets.com\/index.php\/wp-json\/wp\/v2\/users\/1"}],"replies":[{"embeddable":true,"href":"https:\/\/desprojetsauxsommets.com\/index.php\/wp-json\/wp\/v2\/comments?post=1972"}],"version-history":[{"count":22,"href":"https:\/\/desprojetsauxsommets.com\/index.php\/wp-json\/wp\/v2\/pages\/1972\/revisions"}],"predecessor-version":[{"id":2086,"href":"https:\/\/desprojetsauxsommets.com\/index.php\/wp-json\/wp\/v2\/pages\/1972\/revisions\/2086"}],"wp:attachment":[{"href":"https:\/\/desprojetsauxsommets.com\/index.php\/wp-json\/wp\/v2\/media?parent=1972"}],"curies":[{"name":"wp","href":"https:\/\/api.w.org\/{rel}","templated":true}]}}